{"id":17,"date":"2010-05-16T01:23:38","date_gmt":"2010-05-15T23:23:38","guid":{"rendered":"http:\/\/rtg-immo.ch\/?page_id=17"},"modified":"2011-07-07T16:20:31","modified_gmt":"2011-07-07T14:20:31","slug":"uber-rtg-immo","status":"publish","type":"page","link":"https:\/\/rtg-immo.ch\/?page_id=17","title":{"rendered":"\u00dcber uns"},"content":{"rendered":"<p>Die RTG Treuhand hat sich zum obersten Ziel die Kundenzufriedenheit gesetzt !<\/p>\n<p>Wenn es um Immobilien geht, sind Sie bei uns genau richtig. Wir bieten Ihnen ein optimale\u00a0L\u00f6sung an, die auf Ihre Bed\u00fcrfnisse zu geschnitten sind.<\/p>\n<p>Wir betreuen und beraten Sie in allen Fragen rund um das Immobilienbusiness.<\/p>\n<p>Gerne z\u00e4hlen wir auch Sie zu unserem zufriedenen Kunde.<\/p>\n","protected":false},"excerpt":{"rendered":"<p>Die RTG Treuhand hat sich zum obersten Ziel die Kundenzufriedenheit gesetzt ! Wenn es um Immobilien geht, sind Sie bei uns genau richtig. Wir bieten Ihnen ein optimale\u00a0L\u00f6sung an, die auf Ihre Bed\u00fcrfnisse zu geschnitten sind. Wir betreuen und beraten Sie in allen Fragen rund um das Immobilienbusiness. Gerne z\u00e4hlen wir auch Sie zu unserem [&hellip;]<\/p>\n","protected":false},"author":2,"featured_media":0,"parent":0,"menu_order":0,"comment_status":"closed","ping_status":"closed","template":"","meta":[],"_links":{"self":[{"href":"https:\/\/rtg-immo.ch\/index.php?rest_route=\/wp\/v2\/pages\/17"}],"collection":[{"href":"https:\/\/rtg-immo.ch\/index.php?rest_route=\/wp\/v2\/pages"}],"about":[{"href":"https:\/\/rtg-immo.ch\/index.php?rest_route=\/wp\/v2\/types\/page"}],"author":[{"embeddable":true,"href":"https:\/\/rtg-immo.ch\/index.php?rest_route=\/wp\/v2\/users\/2"}],"replies":[{"embeddable":true,"href":"https:\/\/rtg-immo.ch\/index.php?rest_route=%2Fwp%2Fv2%2Fcomments&post=17"}],"version-history":[{"count":7,"href":"https:\/\/rtg-immo.ch\/index.php?rest_route=\/wp\/v2\/pages\/17\/revisions"}],"predecessor-version":[{"id":20,"href":"https:\/\/rtg-immo.ch\/index.php?rest_route=\/wp\/v2\/pages\/17\/revisions\/20"}],"wp:attachment":[{"href":"https:\/\/rtg-immo.ch\/index.php?rest_route=%2Fwp%2Fv2%2Fmedia&parent=17"}],"curies":[{"name":"wp","href":"https:\/\/api.w.org\/{rel}","templated":true}]}}